{"id":678,"date":"2021-05-02T14:39:29","date_gmt":"2021-05-02T12:39:29","guid":{"rendered":"https:\/\/www.ds-community.de\/?page_id=678"},"modified":"2021-09-24T20:30:41","modified_gmt":"2021-09-24T18:30:41","slug":"gta-v-fivem-spielregeln","status":"publish","type":"page","link":"https:\/\/www.ds-community.de\/?page_id=678","title":{"rendered":"GTA V FiveM Spielregeln"},"content":{"rendered":"\n<p><strong><span class=\"has-inline-color has-black-color\">Grunds\u00e4tzliches<\/span><\/strong><\/p>\n\n\n\n<p><strong>\u00a71<\/strong> &#8211; Das Suchen, sowie Ausnutzen von Grauzonen des Regelwerks ist nicht gestattet.<\/p>\n\n\n\n<p><strong>\u00a72<\/strong> &#8211; Unwissenheit sch\u00fctzt nicht vor Strafe.<\/p>\n\n\n\n<p><strong>\u00a73<\/strong> &#8211; Das Team beh\u00e4lt sich das Recht vor, dieses Regelwerk jederzeit anzupassen und bittet deshalb darum, das       Regelwerk regelm\u00e4\u00dfig durchzulesen. Informationen \u00fcber Regel\u00e4nderungen sind im Discord zu finden.<\/p>\n\n\n\n<p><strong>\u00a74<\/strong> &#8211; Das Verkaufen von Spielinhalten (Geld, Fahrzeugen, etc.) ist untersagt (Echtgeldhandel).<\/p>\n\n\n\n<p><strong>\u00a74<\/strong> &#8211; Respektiere alle Spieler (bei Versto\u00df 1 Kick, dann Ban!)<\/p>\n\n\n\n<p><strong>\u00a75<\/strong> &#8211; Beleidigungen werden nicht toleriert und werden mit Kick bestraft (3 Kicks = Ban)<\/p>\n\n\n\n<p><strong>\u00a76<\/strong> &#8211; kein RDM oder VDM bei Wiederholung Kick (3 Kicks = Ban)<\/p>\n\n\n\n<p><strong>\u00a77<\/strong> &#8211; Gegenseitiges umbringen nur mit Absprache (Alle Parteien m\u00fcssen einverstanden sein) -&gt; wird in den Fightclub ausgelagert<\/p>\n\n\n\n<p><strong>\u00a78<\/strong> &#8211; Hacken \/ Modden ist untersagt und f\u00fchrt zum sofortigen, permanenten Bann !!!<\/p>\n\n\n\n<p><strong>\u00a79<\/strong> &#8211; Weisungen des Serverteams (Admins\/Mods) sind Folge zu leisten.<\/p>\n\n\n\n<p><strong>\u00a710<\/strong> &#8211; Legales Besitzen (mit \u00e4rztlicher Bescheinigung) von Marihuana\/Cannabis von max. 20 St\u00fcck<\/p>\n\n\n\n<p><strong>\u00a711<\/strong> &#8211; Wer sein Dienst Begonnen hat, hat diesen auch zu befolgen!<\/p>\n\n\n\n<p><strong>\u00a712<\/strong> &#8211; Rote Ampel d\u00fcrfen \u00fcberfahren werden!<\/p>\n\n\n\n<p><strong>\u00a713<\/strong> &#8211; Es muss nicht geblinkt werden.<\/p>\n\n\n\n<p><strong>\u00a714<\/strong> &#8211; Admins ab 18 \/ Mods nach Geistiger Reife<\/p>\n\n\n\n<p><strong>\u00a715<\/strong> &#8211; Spam &amp; Bel\u00e4stigungen jeglicher Art gegen\u00fcber anderen Spielern ist untersagt!!!<\/p>\n\n\n\n<p><strong>\u00a716<\/strong> &#8211; RageQuit wird mit mind. 2 Stunden bestraft<\/p>\n\n\n\n<p><strong>\u00a717<\/strong> &#8211; Safezones sind jegliche Staatliche Einrichtung (PD, MD, FD). Die Stra\u00dfen um die jeweilige Einrichtung gelten als Grenze f\u00fcr die Safezone. Laufendes RP hat vorrang in der Safezone.<\/p>\n\n\n\n<p><strong>\u00a718<\/strong> &#8211; META IST VERBOTEN! (auch F10)<\/p>\n\n\n\n<p><strong>\u00a719<\/strong> &#8211; Unterschied OOC und IC ist zu beachten.<\/p>\n\n\n\n<p><strong>\u00a720<\/strong> &#8211; Autobahnen (in in den Norden f\u00fchrend) keine Geschwindigkeitsbegrenzung. <strong>Siehe Bild drunter.<\/strong><\/p>\n\n\n\n<p><\/p>\n\n\n\n<p class=\"has-text-align-center\"><img loading=\"lazy\" src=\"https:\/\/lh3.googleusercontent.com\/RQJgE_YgXOi2y_NC7SaPGsupapv8GKScDglgT3C2ds3s6cKjFP5HDihHAB8zex4WDqSRpvV_PNTgnukS1ZjgtS3IY4Ae_TXot6eyfmI8AiH6hdqyCfKRdqnMde-0XZz4SwuwqQMe=s0\" width=\"303\" height=\"341\"><\/p>\n\n\n\n<p><strong>\u00a721<\/strong> &#8211; Stadtautobahnen 180 kmH. <\/p>\n\n\n\n<p><strong>\u00a722<\/strong> &#8211; Reviven nur bei Events oder Support Situation<\/p>\n\n\n\n<p><strong>\u00a723<\/strong> &#8211; Das laufende RP ist trotz FAIL auszuspielen. Anschlie\u00dfend kann sich an einen Admin gewendet werden.<\/p>\n\n\n\n<p><strong>\u00a724<\/strong> &#8211; Bugs ausnutzen ist verboten!<\/p>\n\n\n\n<p><strong>\u00a725<\/strong> &#8211; Jeder Spieler darf nur einen Whitelistjob nach gehen.  (Mafia, Polizei, Sanit\u00e4ter, Mechaniker, Car-Dealer, Stripclub)<\/p>\n\n\n\n<p><\/p>\n\n\n\n<p><\/p>\n\n\n\n<p><strong>Ambulance<\/strong><\/p>\n\n\n\n<p><strong>\u00a71<\/strong> &#8211; Sanit\u00e4ter d\u00fcrfen keine Illegalen Sachen machen &#8211; AU\u00dfER: Cannabis und Marihuana au\u00dfer Dienst (medizinische Zwecke)<\/p>\n\n\n\n<p><strong>\u00a72<\/strong> &#8211; Andere Drogen nur in Absprache mit Ambulance-Chef. Bei Versto\u00df K\u00fcndigung!<\/p>\n\n\n\n<p><strong>\u00a73<\/strong> &#8211; Blaulicht darf nur im Einsatz aktiviert werden<\/p>\n\n\n\n<p><strong>\u00a74<\/strong> &#8211; Bei Raub\u00fcberf\u00e4llen u.\u00e4. Anweisungen der Polizei folgen.<\/p>\n\n\n\n<p><strong>\u00a75<\/strong> &#8211; Wenn m\u00f6glich, Absprache der Einsatzanfahrt \u00fcber Funk o.\u00e4.<\/p>\n\n\n\n<p><strong>\u00a76<\/strong> &#8211; Im Dienst d\u00fcrfen keinerlei Waffen getragen werden ausnahme TASER<\/p>\n\n\n\n<p><\/p>\n\n\n\n<p><\/p>\n\n\n\n<p><strong>Polizei<\/strong><\/p>\n\n\n\n<p><strong>\u00a71<\/strong> &#8211; Immer als erstes Warnschuss!<\/p>\n\n\n\n<p><strong>\u00a72<\/strong> &#8211; Danach erst mit dem Elektroschocker auf Verd\u00e4chtige Personen zu schie\u00dfen<\/p>\n\n\n\n<p><strong>\u00a73<\/strong> &#8211; Waffengebrauch ist erst erlaubt nach dem das eigene Leben gef\u00e4hrdet ist<\/p>\n\n\n\n<p><strong>\u00a74<\/strong> &#8211; Polizisten d\u00fcrfen keine illegalen Sachen\/Straftaten machen, egal ob im Dienst oder nicht<\/p>\n\n\n\n<p><strong>\u00a75<\/strong> &#8211; Waffenarsenal (beschlagnahmte Waffen): Waffen bleiben dort drin! Es werden dort keine rausgenommen.<\/p>\n\n\n\n<p><strong>\u00a76<\/strong> &#8211; Polizisten halten keine Polizisten oder Medics die im Dienst (mit Blaulicht) sind an!<\/p>\n\n\n\n<p><strong>\u00a77<\/strong> &#8211; Blaulicht darf nur im Einsatz aktiviert werden.<\/p>\n\n\n\n<p><strong>\u00a78<\/strong> &#8211; Unn\u00f6tiges Festnehmen ist untersagt.<\/p>\n\n\n\n<p><\/p>\n\n\n\n<p><\/p>\n\n\n\n<p><strong>\u00dcberfall mit Geisel<\/strong><\/p>\n\n\n\n<p><strong>\u00a71<\/strong> &#8211; Geisel muss damit rechnen get\u00f6tet zu werden<\/p>\n\n\n\n<p><strong>\u00a72<\/strong> &#8211; Verhandlungen seitens der Polizei sollten eingeleitet werden<\/p>\n\n\n\n<p><strong>\u00a73<\/strong> &#8211; Schwarzgeld wird konfisziert und beim PD-Chef PERS\u00d6NLICH abgegeben!<\/p>\n\n\n\n<p><\/p>\n\n\n\n<p><\/p>\n\n\n\n<p><strong>F\u00e4higkeiten von&#8230;<\/strong><\/p>\n\n\n\n<p><strong>Ambulanz<\/strong><\/p>\n\n\n\n<ul><li>Ausstellen von medizinischen Gutachten<\/li><\/ul>\n\n\n\n<ul><li>Marihuana-Nutzungserlaubnis<\/li><\/ul>\n\n\n\n<ul><li>Pathologiebericht<\/li><\/ul>\n\n\n\n<ul><li>Psychologiebericht<\/li><\/ul>\n\n\n\n<ul><li>Augenspezialist<\/li><\/ul>\n\n\n\n<p><strong>Polizei<\/strong><\/p>\n\n\n\n<ul><li>Ausstellen von Parkerlaubnis<\/li><\/ul>\n\n\n\n<p><strong>Mechaniker (EWB)<\/strong><\/p>\n\n\n\n<ul><li>Ausstellen von Parkerlaubnis<\/li><\/ul>\n\n\n\n<ul><li>Ausstellen von zus\u00e4tzl. Waffenschein (f\u00fcr illegale Waffen)<\/li><\/ul>\n\n\n\n<ul><li>Teilezulassung<\/li><\/ul>\n\n\n\n<p><\/p>\n","protected":false},"excerpt":{"rendered":"<p>Grunds\u00e4tzliches \u00a71 &#8211; Das Suchen, sowie Ausnutzen von Grauzonen des Regelwerks ist nicht gestattet. \u00a72 &#8211; Unwissenheit sch\u00fctzt nicht vor Strafe. \u00a73 &#8211; Das Team beh\u00e4lt sich das Recht vor, dieses Regelwerk jederzeit anzupassen und bittet deshalb darum, das Regelwerk regelm\u00e4\u00dfig durchzulesen. Informationen \u00fcber Regel\u00e4nderungen sind im Discord zu finden. \u00a74 &#8211; Das Verkaufen von Spielinhalten (Geld, Fahrzeugen, etc.) ist<\/p>\n<p><a class=\"more-link\" href=\"https:\/\/www.ds-community.de\/?page_id=678\">Weiterlesen<\/a><\/p>\n","protected":false},"author":1,"featured_media":0,"parent":0,"menu_order":0,"comment_status":"closed","ping_status":"closed","template":"","meta":[],"_links":{"self":[{"href":"https:\/\/www.ds-community.de\/index.php?rest_route=\/wp\/v2\/pages\/678"}],"collection":[{"href":"https:\/\/www.ds-community.de\/index.php?rest_route=\/wp\/v2\/pages"}],"about":[{"href":"https:\/\/www.ds-community.de\/index.php?rest_route=\/wp\/v2\/types\/page"}],"author":[{"embeddable":true,"href":"https:\/\/www.ds-community.de\/index.php?rest_route=\/wp\/v2\/users\/1"}],"replies":[{"embeddable":true,"href":"https:\/\/www.ds-community.de\/index.php?rest_route=%2Fwp%2Fv2%2Fcomments&post=678"}],"version-history":[{"count":18,"href":"https:\/\/www.ds-community.de\/index.php?rest_route=\/wp\/v2\/pages\/678\/revisions"}],"predecessor-version":[{"id":751,"href":"https:\/\/www.ds-community.de\/index.php?rest_route=\/wp\/v2\/pages\/678\/revisions\/751"}],"wp:attachment":[{"href":"https:\/\/www.ds-community.de\/index.php?rest_route=%2Fwp%2Fv2%2Fmedia&parent=678"}],"curies":[{"name":"wp","href":"https:\/\/api.w.org\/{rel}","templated":true}]}}