{"id":660,"date":"2021-04-23T11:41:20","date_gmt":"2021-04-23T09:41:20","guid":{"rendered":"https:\/\/www.ds-community.de\/?page_id=660"},"modified":"2021-06-23T18:16:08","modified_gmt":"2021-06-23T16:16:08","slug":"gta-v-fivem","status":"publish","type":"page","link":"https:\/\/www.ds-community.de\/?page_id=660","title":{"rendered":"GTA V &#8211; FiveM"},"content":{"rendered":"\n<p><strong>T\u00c4GLICHER GEPLANTER NEUSTART 05:00 UHR!<\/strong><\/p>\n\n\n\n<p>Hier gibt es eine kleine \u00dcbersicht der Tastenkombinationen<\/p>\n\n\n\n<p><strong>Allgemein:<\/strong><\/p>\n\n\n\n<p>F1 &#8211; Handy<br>F2 &#8211; Inventar\/Ausweise\/etc.<br>F3 &#8211; Animationen<br>F5 &#8211; Tempomat\/Limiter<br>F7 &#8211; Rechnungen<br>F8 &#8211; Konsole (Standard)<br>F10 &#8211; Scoreboard\/Spielerliste<\/p>\n\n\n\n<p>C &#8211; hinter sich schauen<br \/>F &#8211; Fahrzeug ein-\/aussteigen<br \/>N &#8211; Voice-Chat (Ingame)<br \/>P &#8211; Karte \u00f6ffnen<br \/>V &#8211; Perspektive \u00e4ndern<br \/>T &#8211; Chat \u00f6ffnen<\/p>\n\n\n\n<p><strong>Fahrzeug:<\/strong><\/p>\n\n\n\n<p>B &#8211; im Fahrzeug Anschnallen<br \/>E &#8211; Hupe\/Sirene<br \/>G &#8211; Anh\u00e4nger abkoppeln\/Flugzeugfahrwerk einfahren<br \/>H &#8211; im Fahrzeug Licht ein-\/ausschalten (gedr\u00fcckt Cabrioverdeck \u00f6ffnen\/schlie\u00dfen)<br \/>L &#8211; Kofferraum \u00f6ffnen<br \/>M &#8211; Motor abstellen<br \/>R &#8211; Schlagen\/Attacke (wie Linksklick)<br \/>U &#8211; Fahrzeug abschlie\u00dfen<\/p>\n\n\n\n<p><strong>Person:<\/strong><\/p>\n\n\n\n<p>B &#8211; auf etwas zeigen<br \/>H &#8211; H\u00e4nde hoch<br \/>X &#8211; Aktion abbrechen<\/p>\n\n\n\n<p>Entf &#8211; &#8222;Inventar \u00f6ffnen&#8220;<br \/>, \/ . &#8211; Radiosender \u00e4ndern<br \/>LStrg &#8211; Abschlepphaken runter\/Hocke<br \/>LShift &#8211; Abschlepphaken hoch<\/p>\n\n\n\n<p>Pfeiltaste runter &#8211; Warnblinkanlage<br \/>Pfeiltaste links &#8211; Blinker links<br \/>Pfeiltaste rechts &#8211; Blinker rechts<br \/><\/p>\n","protected":false},"excerpt":{"rendered":"<p>T\u00c4GLICHER GEPLANTER NEUSTART 05:00 UHR! Hier gibt es eine kleine \u00dcbersicht der Tastenkombinationen Allgemein: F1 &#8211; HandyF2 &#8211; Inventar\/Ausweise\/etc.F3 &#8211; AnimationenF5 &#8211; Tempomat\/LimiterF7 &#8211; RechnungenF8 &#8211; Konsole (Standard)F10 &#8211; Scoreboard\/Spielerliste C &#8211; hinter sich schauenF &#8211; Fahrzeug ein-\/aussteigenN &#8211; Voice-Chat (Ingame)P &#8211; Karte \u00f6ffnenV &#8211; Perspektive \u00e4ndernT &#8211; Chat \u00f6ffnen Fahrzeug: B &#8211; im Fahrzeug AnschnallenE &#8211; Hupe\/SireneG &#8211; Anh\u00e4nger<\/p>\n<p><a class=\"more-link\" href=\"https:\/\/www.ds-community.de\/?page_id=660\">Weiterlesen<\/a><\/p>\n","protected":false},"author":1,"featured_media":0,"parent":0,"menu_order":0,"comment_status":"closed","ping_status":"closed","template":"","meta":[],"_links":{"self":[{"href":"https:\/\/www.ds-community.de\/index.php?rest_route=\/wp\/v2\/pages\/660"}],"collection":[{"href":"https:\/\/www.ds-community.de\/index.php?rest_route=\/wp\/v2\/pages"}],"about":[{"href":"https:\/\/www.ds-community.de\/index.php?rest_route=\/wp\/v2\/types\/page"}],"author":[{"embeddable":true,"href":"https:\/\/www.ds-community.de\/index.php?rest_route=\/wp\/v2\/users\/1"}],"replies":[{"embeddable":true,"href":"https:\/\/www.ds-community.de\/index.php?rest_route=%2Fwp%2Fv2%2Fcomments&post=660"}],"version-history":[{"count":13,"href":"https:\/\/www.ds-community.de\/index.php?rest_route=\/wp\/v2\/pages\/660\/revisions"}],"predecessor-version":[{"id":724,"href":"https:\/\/www.ds-community.de\/index.php?rest_route=\/wp\/v2\/pages\/660\/revisions\/724"}],"wp:attachment":[{"href":"https:\/\/www.ds-community.de\/index.php?rest_route=%2Fwp%2Fv2%2Fmedia&parent=660"}],"curies":[{"name":"wp","href":"https:\/\/api.w.org\/{rel}","templated":true}]}}