{"id":60,"date":"2017-08-10T11:48:22","date_gmt":"2017-08-10T09:48:22","guid":{"rendered":"http:\/\/ds-community.de\/?page_id=60"},"modified":"2017-08-10T12:42:26","modified_gmt":"2017-08-10T10:42:26","slug":"impressum","status":"publish","type":"page","link":"https:\/\/www.ds-community.de\/?page_id=60","title":{"rendered":"Impressum"},"content":{"rendered":"<h1>Impressum<\/h1>\n<h2>Angaben gem\u00e4\u00df \u00a7 5 TMG:<\/h2>\n<p>Kai Eckhoff<br \/>\nL\u00fcssumer Ring 90<br \/>\n28777 Bremen<\/p>\n<h2>Kontakt:<\/h2>\n<table>\n<tbody>\n<tr>\n<td>Telefon:<\/td>\n<td>+49 (0) 421 \/ 847 977 23<\/td>\n<\/tr>\n<tr>\n<td>Telefax:<\/td>\n<td>+49 (0) 421 \/ 673 247 19<\/td>\n<\/tr>\n<tr>\n<td>E-Mail:<\/td>\n<td>admin@ds-community.de<\/td>\n<\/tr>\n<\/tbody>\n<\/table>\n<h2>Haftung f\u00fcr Inhalte<\/h2>\n<p>Als<br \/>\nDiensteanbieter sind wir gem\u00e4\u00df \u00a7 7 Abs.1 TMG f\u00fcr eigene Inhalte auf diesen Seiten<br \/>\nnach den allgemeinen Gesetzen verantwortlich. Nach \u00a7\u00a7 8 bis 10 TMG sind wir als<br \/>\nDiensteanbieter jedoch nicht verpflichtet, \u00fcbermittelte oder gespeicherte fremde Informationen zu<br \/>\n\u00fcberwachen oder nach Umst\u00e4nden zu forschen, die auf eine rechtswidrige T\u00e4tigkeit<br \/>\nhinweisen.<\/p>\n<p>Verpflichtungen zur Entfernung oder Sperrung der Nutzung von Informationen nach<br \/>\nden allgemeinen Gesetzen bleiben hiervon unber\u00fchrt. Eine diesbez\u00fcgliche Haftung ist jedoch<br \/>\nerst ab dem Zeitpunkt der Kenntnis einer konkreten Rechtsverletzung m\u00f6glich. Bei Bekanntwerden<br \/>\nvon entsprechenden Rechtsverletzungen werden wir diese Inhalte umgehend entfernen.<\/p>\n<h2>Haftung f\u00fcr Links<\/h2>\n<p>Unser Angebot enth\u00e4lt Links zu externen Webseiten Dritter, auf<br \/>\nderen Inhalte wir keinen Einfluss haben. Deshalb k\u00f6nnen wir f\u00fcr diese fremden Inhalte auch<br \/>\nkeine Gew\u00e4hr \u00fcbernehmen. F\u00fcr die Inhalte der verlinkten Seiten ist stets der jeweilige<br \/>\nAnbieter oder Betreiber der Seiten verantwortlich. Die verlinkten Seiten wurden zum Zeitpunkt der<br \/>\nVerlinkung auf m\u00f6gliche Rechtsverst\u00f6\u00dfe \u00fcberpr\u00fcft. Rechtswidrige Inhalte<br \/>\nwaren zum Zeitpunkt der Verlinkung nicht erkennbar.<\/p>\n<p>Eine permanente inhaltliche Kontrolle der<br \/>\nverlinkten Seiten ist jedoch ohne konkrete Anhaltspunkte einer Rechtsverletzung nicht zumutbar. Bei<br \/>\nBekanntwerden von Rechtsverletzungen werden wir derartige Links umgehend entfernen.<\/p>\n<h2>Urheberrecht<\/h2>\n<p>Die durch die Seitenbetreiber erstellten Inhalte und Werke auf diesen Seiten<br \/>\nunterliegen dem deutschen Urheberrecht. Die Vervielf\u00e4ltigung, Bearbeitung, Verbreitung und jede<br \/>\nArt der Verwertung au\u00dferhalb der Grenzen des Urheberrechtes bed\u00fcrfen der schriftlichen<br \/>\nZustimmung des jeweiligen Autors bzw. Erstellers. Downloads und Kopien dieser Seite sind nur f\u00fcrden privaten, nicht kommerziellen Gebrauch gestattet.<\/p>\n<p>Soweit die Inhalte auf dieser Seite nicht<br \/>\nvom Betreiber erstellt wurden, werden die Urheberrechte Dritter beachtet. Insbesondere werden Inhalte<br \/>\nDritter als solche gekennzeichnet. Sollten Sie trotzdem auf eine Urheberrechtsverletzung aufmerksam<br \/>\nwerden, bitten wir um einen entsprechenden Hinweis. Bei Bekanntwerden von Rechtsverletzungen<br \/>\nwerden wir derartige Inhalte umgehend entfernen.<\/p>\n<p>&nbsp;<\/p>\n","protected":false},"excerpt":{"rendered":"<p>Impressum Angaben gem\u00e4\u00df \u00a7 5 TMG: Kai Eckhoff L\u00fcssumer Ring 90 28777 Bremen Kontakt: Telefon: +49 (0) 421 \/ 847 977 23 Telefax: +49 (0) 421 \/ 673 247 19 E-Mail: admin@ds-community.de Haftung f\u00fcr Inhalte Als Diensteanbieter sind wir gem\u00e4\u00df \u00a7 7 Abs.1 TMG f\u00fcr eigene Inhalte auf diesen Seiten nach den allgemeinen Gesetzen verantwortlich. Nach \u00a7\u00a7 8 bis 10<\/p>\n<p><a class=\"more-link\" href=\"https:\/\/www.ds-community.de\/?page_id=60\">Weiterlesen<\/a><\/p>\n","protected":false},"author":2,"featured_media":0,"parent":0,"menu_order":0,"comment_status":"closed","ping_status":"closed","template":"","meta":[],"_links":{"self":[{"href":"https:\/\/www.ds-community.de\/index.php?rest_route=\/wp\/v2\/pages\/60"}],"collection":[{"href":"https:\/\/www.ds-community.de\/index.php?rest_route=\/wp\/v2\/pages"}],"about":[{"href":"https:\/\/www.ds-community.de\/index.php?rest_route=\/wp\/v2\/types\/page"}],"author":[{"embeddable":true,"href":"https:\/\/www.ds-community.de\/index.php?rest_route=\/wp\/v2\/users\/2"}],"replies":[{"embeddable":true,"href":"https:\/\/www.ds-community.de\/index.php?rest_route=%2Fwp%2Fv2%2Fcomments&post=60"}],"version-history":[{"count":2,"href":"https:\/\/www.ds-community.de\/index.php?rest_route=\/wp\/v2\/pages\/60\/revisions"}],"predecessor-version":[{"id":78,"href":"https:\/\/www.ds-community.de\/index.php?rest_route=\/wp\/v2\/pages\/60\/revisions\/78"}],"wp:attachment":[{"href":"https:\/\/www.ds-community.de\/index.php?rest_route=%2Fwp%2Fv2%2Fmedia&parent=60"}],"curies":[{"name":"wp","href":"https:\/\/api.w.org\/{rel}","templated":true}]}}