{"id":449,"date":"2020-10-28T07:02:59","date_gmt":"2020-10-28T06:02:59","guid":{"rendered":"https:\/\/ds-community.de\/?page_id=449"},"modified":"2022-01-01T14:43:38","modified_gmt":"2022-01-01T13:43:38","slug":"teamspeak3","status":"publish","type":"page","link":"https:\/\/www.ds-community.de\/?page_id=449","title":{"rendered":"TeamSpeak3"},"content":{"rendered":"\n<p>Mit bis zu 512 Slots hat hier jedes von uns gehostete Game seinen eigenen Channel mit Unterchannel, sodass f\u00fcr jede Gruppe platz ist. Es gibt auch Musikchannels \ud83d\ude09<br>Bei Bedarf und regelm\u00e4\u00dfiger Nutzung k\u00f6nnen auch spezielle, eigene Channels (ggf. mit Passwort) angelegt werden.<\/p>\n\n\n\n<p class=\"has-medium-font-size\"><a href=\"ts3server:\/\/ds-community.de?port=9987&amp;nickname=Homepage-Gast&amp;addbookmark=1\">Join the Server<\/a><\/p>\n\n\n\n<p align=\"center\"><iframe allowtransparency=\"true\" src=\"http:\/\/ts.ds-community.de\/tsviewpub.php?skey=0&amp;sid=1&amp;showicons=right&amp;bgcolor=ffffff&amp;fontcolor=000000\" style=\"height:500px;width:450px\" scrolling=\"auto\" frameborder=\"0\">Your Browser will not show Iframes<\/iframe><\/p>\n\n\n\n<p><\/p>\n","protected":false},"excerpt":{"rendered":"<p>Mit bis zu 512 Slots hat hier jedes von uns gehostete Game seinen eigenen Channel mit Unterchannel, sodass f\u00fcr jede Gruppe platz ist. Es gibt auch Musikchannels \ud83d\ude09Bei Bedarf und regelm\u00e4\u00dfiger Nutzung k\u00f6nnen auch spezielle, eigene Channels (ggf. mit Passwort) angelegt werden. Join the Server Your Browser will not show Iframes<\/p>\n","protected":false},"author":1,"featured_media":0,"parent":0,"menu_order":0,"comment_status":"closed","ping_status":"closed","template":"","meta":[],"_links":{"self":[{"href":"https:\/\/www.ds-community.de\/index.php?rest_route=\/wp\/v2\/pages\/449"}],"collection":[{"href":"https:\/\/www.ds-community.de\/index.php?rest_route=\/wp\/v2\/pages"}],"about":[{"href":"https:\/\/www.ds-community.de\/index.php?rest_route=\/wp\/v2\/types\/page"}],"author":[{"embeddable":true,"href":"https:\/\/www.ds-community.de\/index.php?rest_route=\/wp\/v2\/users\/1"}],"replies":[{"embeddable":true,"href":"https:\/\/www.ds-community.de\/index.php?rest_route=%2Fwp%2Fv2%2Fcomments&post=449"}],"version-history":[{"count":10,"href":"https:\/\/www.ds-community.de\/index.php?rest_route=\/wp\/v2\/pages\/449\/revisions"}],"predecessor-version":[{"id":783,"href":"https:\/\/www.ds-community.de\/index.php?rest_route=\/wp\/v2\/pages\/449\/revisions\/783"}],"wp:attachment":[{"href":"https:\/\/www.ds-community.de\/index.php?rest_route=%2Fwp%2Fv2%2Fmedia&parent=449"}],"curies":[{"name":"wp","href":"https:\/\/api.w.org\/{rel}","templated":true}]}}