{"id":384,"date":"2019-09-27T11:50:53","date_gmt":"2019-09-27T09:50:53","guid":{"rendered":"http:\/\/ds-community.de\/?page_id=384"},"modified":"2023-01-27T11:56:46","modified_gmt":"2023-01-27T10:56:46","slug":"unsere-server","status":"publish","type":"page","link":"https:\/\/www.ds-community.de\/?page_id=384","title":{"rendered":"Unsere Server"},"content":{"rendered":"\n<p>Auf dieser Seite wollen wir dir eine kleine \u00dcbersicht \u00fcber unsere Server verschaffen. So hast du in Zukunft einen \u00dcberblick dar\u00fcber, welche Server es gibt, wie sie zu erreichen sind, ob sie \u00fcberhaupt erreichbar sind und ggf. wie viele Spieler bereits verbunden sind. Lass dich einfach \u00fcberraschen.<\/p>\n\n\n\n<p><a href=\"https:\/\/ds-community.de\/atlas-4x4-cluster\/\"><strong>ATLAS<\/strong><\/a> <sup>(6&#215;6 Cluster)<\/sup><br>168.119.30.12:57560 (Homeserver)<\/p>\n\n\n\n<p>\u2022 vollst\u00e4ndige 6&#215;6 Karte<br>\u2022 Golden Age Grids<br>\u2022 Temp-Zones (Polar, Temperated, Tundra, Dessert, Tropic, Equatorial)<br>\u2022 Kraken-Grid<br>\u2022 Ghostship<br>\u2022 Wale (gut\/b\u00f6se), Seemonster, Tintenfische, Meerjungfrau &#8211; alles dabei<br>\u2022 Questreihe mit Powerstone&#8217;s, Jungbrunnen, Ghosthip, Gei\u00dfel der Verdammten, Freund der Meerjungfrau, Blauwalkiller, Pottwalkiller, Tintenfischkiller, Entdeckungsveteran, Reise der G\u00f6tter, Kraken Stufe I\/Stufe II, Poweressenzen UND Icedungeon!<\/p>\n\n\n\n<p class=\"has-black-color has-text-color\"><a href=\"steam:\/\/connect\/168.119.30.12:57560\">Steam-Connect<\/a><\/p>\n\n\n\n<hr class=\"wp-block-separator\"\/>\n\n\n\n<p><strong><a href=\"https:\/\/www.ds-community.de\/gta-v-fivem\/\">GTA5 FiveM<\/a><\/strong><br>Deutschland spielt GTA RealLife<\/p>\n\n\n\n<p>\u2022 Charakteranpassungen<br>\u2022 Kaufbare und speicherbare Fahrzeuge<br>\u2022 Whitelisted Jobs (Sanit\u00e4ter, Polizist, Mafia-Member uvm.)<br>\u2022 Mehrere Non-Whitelisted Jobs (Trucker, Bergbau, uvm.)<br>\u2022 Banken &amp; Geldautomaten<br>\u2022 Custom Fahrzeuge<br>\u2022 Handy- &amp; Twittermeldungen<br>\u2022 u.v.m.<\/p>\n\n\n\n<p>Du willst dabei sein? Lasse dich noch heute im <strong><a href=\"http:\/\/discord.ds-community.de\">Discord<\/a><\/strong> Whitelisten!<\/p>\n\n\n\n<hr class=\"wp-block-separator\"\/>\n\n\n\n<p><strong><a href=\"https:\/\/ds-community.de\/ark-2\/\" data-type=\"URL\" data-id=\"https:\/\/ds-community.de\/ark-2\/\">ARK: Survival Evolved<\/a><\/strong> <sup>(versch. Karten)<\/sup><br>derzeit noch offline!<\/p>\n\n\n\n<hr class=\"wp-block-separator\"\/>\n\n\n\n<p><strong>Empyrion &#8211; Galactic Survival<\/strong><br>168.119.30.12:30000<br><a href=\"steam:\/\/connect\/168.119.30.12:30000\">Steam-Connect<\/a><\/p>\n\n\n\n<hr class=\"wp-block-separator\"\/>\n\n\n\n<p><strong>Minecraft<\/strong><br>168.119.30.12:28000<\/p>\n\n\n\n<hr class=\"wp-block-separator\"\/>\n\n\n\n<p><strong>Rising World<\/strong><br>168.119.30.12:4555<\/p>\n\n\n\n<hr class=\"wp-block-separator\"\/>\n\n\n\n<p class=\"has-medium-font-size\"><strong>SPENDENLINK<\/strong><\/p>\n\n\n\n<p>Wir von Deutschland Spielt Community finanzieren unseren Server durch Spenden!<br>Wenn auch du etwas spenden m\u00f6chtest kannst du das gerne <strong><a rel=\"noreferrer noopener\" href=\"https:\/\/clients.exz-hosting.de\/?m=cashbox&amp;user=16&amp;hash=38566ac98f\" target=\"_blank\">HIER<\/a><\/strong> tun.<\/p>\n","protected":false},"excerpt":{"rendered":"<p>Auf dieser Seite wollen wir dir eine kleine \u00dcbersicht \u00fcber unsere Server verschaffen. So hast du in Zukunft einen \u00dcberblick dar\u00fcber, welche Server es gibt, wie sie zu erreichen sind, ob sie \u00fcberhaupt erreichbar sind und ggf. wie viele Spieler bereits verbunden sind. Lass dich einfach \u00fcberraschen. ATLAS (6&#215;6 Cluster)168.119.30.12:57560 (Homeserver) \u2022 vollst\u00e4ndige 6&#215;6 Karte\u2022 Golden Age Grids\u2022 Temp-Zones (Polar,<\/p>\n<p><a class=\"more-link\" href=\"https:\/\/www.ds-community.de\/?page_id=384\">Weiterlesen<\/a><\/p>\n","protected":false},"author":1,"featured_media":0,"parent":0,"menu_order":0,"comment_status":"closed","ping_status":"closed","template":"","meta":[],"_links":{"self":[{"href":"https:\/\/www.ds-community.de\/index.php?rest_route=\/wp\/v2\/pages\/384"}],"collection":[{"href":"https:\/\/www.ds-community.de\/index.php?rest_route=\/wp\/v2\/pages"}],"about":[{"href":"https:\/\/www.ds-community.de\/index.php?rest_route=\/wp\/v2\/types\/page"}],"author":[{"embeddable":true,"href":"https:\/\/www.ds-community.de\/index.php?rest_route=\/wp\/v2\/users\/1"}],"replies":[{"embeddable":true,"href":"https:\/\/www.ds-community.de\/index.php?rest_route=%2Fwp%2Fv2%2Fcomments&post=384"}],"version-history":[{"count":60,"href":"https:\/\/www.ds-community.de\/index.php?rest_route=\/wp\/v2\/pages\/384\/revisions"}],"predecessor-version":[{"id":808,"href":"https:\/\/www.ds-community.de\/index.php?rest_route=\/wp\/v2\/pages\/384\/revisions\/808"}],"wp:attachment":[{"href":"https:\/\/www.ds-community.de\/index.php?rest_route=%2Fwp%2Fv2%2Fmedia&parent=384"}],"curies":[{"name":"wp","href":"https:\/\/api.w.org\/{rel}","templated":true}]}}